{"id":390,"date":"2014-04-22T15:44:32","date_gmt":"2014-04-22T15:44:32","guid":{"rendered":"http:\/\/afrobonics.com\/?page_id=390"},"modified":"2024-05-10T02:32:32","modified_gmt":"2024-05-10T02:32:32","slug":"funk-anthropology","status":"publish","type":"page","link":"http:\/\/afrobonics.com\/?page_id=390","title":{"rendered":"Funk Anthropology"},"content":{"rendered":"<p><strong>Welcome to Funk Anthropology: a blog for deejays specializing in rare international\/funky\/soul gems and all lovers of these genres.<\/strong><\/p>\n<p><strong>Corpura<\/strong><\/p>\n<p><strong>Alafia<\/strong><\/p>\n<p><strong>Released 2015<\/strong><\/p>\n<p><a href=\"http:\/\/afrobonics.com\/wp-content\/uploads\/2020\/06\/20200626_231927-2.jpg\"><img loading=\"lazy\" decoding=\"async\" class=\"alignnone size-medium wp-image-959\" src=\"http:\/\/afrobonics.com\/wp-content\/uploads\/2020\/06\/20200626_231927-2-300x276.jpg\" alt=\"\" width=\"300\" height=\"276\" srcset=\"http:\/\/afrobonics.com\/wp-content\/uploads\/2020\/06\/20200626_231927-2-300x276.jpg 300w, http:\/\/afrobonics.com\/wp-content\/uploads\/2020\/06\/20200626_231927-2-768x705.jpg 768w, http:\/\/afrobonics.com\/wp-content\/uploads\/2020\/06\/20200626_231927-2.jpg 784w\" sizes=\"auto, (max-width: 300px) 100vw, 300px\" \/><\/a><\/p>\n<p>Alafia&#8217;s 2015 release is definitely a hidden gem to scoop. 11 tracks that oscillate between smooth and smouldering downtempo tribal rhythms\u00a0 and uptempo high energy dance floor jams. Based out of Sao Paulo, the group stays true to the Capoiera incantation tradition and you will feel the spirit of the ancestors as you listen whether chilling with your loved one and a glass of wine or partying in a packed house party with your friends. A worth while investment for deejays\/audiophiles and general listeners just the same!<\/p>\n<p>Check out Corpura:<\/p>\n<div class=\"jetpack-video-wrapper\"><span class=\"embed-youtube\" style=\"text-align:center; display: block;\"><iframe loading=\"lazy\" class=\"youtube-player\" width=\"640\" height=\"360\" src=\"https:\/\/www.youtube.com\/embed\/_CW3y7fm4XM?version=3&#038;rel=1&#038;showsearch=0&#038;showinfo=1&#038;iv_load_policy=1&#038;fs=1&#038;hl=en-US&#038;autohide=2&#038;wmode=transparent\" allowfullscreen=\"true\" style=\"border:0;\" sandbox=\"allow-scripts allow-same-origin allow-popups allow-presentation allow-popups-to-escape-sandbox\"><\/iframe><\/span><\/div>\n<p><strong>Siria <\/strong><\/p>\n<p><strong>Mestre Cupijo\u00a0<\/strong><\/p>\n<p><strong>released 20 June 2014 Analog Africa<\/strong><\/p>\n<p>This edition of Hidden Gems we take a listen to Siria (Analog Africa) by the late Mestre Cupijo and his band Seu ritmo. This compilation is a presentation of the sounds of the Quilombo a Brazilian community of African slave descendants. The Quilombo were a community of escaped slaves that created a community in the jungles of Northeast Brazil and created a hybrid sound \u00a0born from a cross pollination with the indigenous Native population. The Quilombo were also known to welcome escaped and fugitive individuals of European descent \u00a0particularly Jews. The result is a festive carnival like sound that resonates with warmth and brightness.<\/p>\n<figure id=\"attachment_543\" aria-describedby=\"caption-attachment-543\" style=\"width: 300px\" class=\"wp-caption alignnone\"><a href=\"http:\/\/afrobonics.com\/wp-content\/uploads\/2014\/04\/siria-cover.jpg\"><img loading=\"lazy\" decoding=\"async\" class=\"size-medium wp-image-543\" src=\"http:\/\/afrobonics.com\/wp-content\/uploads\/2014\/04\/siria-cover-300x228.jpg\" alt=\"Siria release from Analog Africa\" width=\"300\" height=\"228\" srcset=\"http:\/\/afrobonics.com\/wp-content\/uploads\/2014\/04\/siria-cover-300x228.jpg 300w, http:\/\/afrobonics.com\/wp-content\/uploads\/2014\/04\/siria-cover-1024x780.jpg 1024w, http:\/\/afrobonics.com\/wp-content\/uploads\/2014\/04\/siria-cover.jpg 1223w\" sizes=\"auto, (max-width: 300px) 100vw, 300px\" \/><\/a><figcaption id=\"caption-attachment-543\" class=\"wp-caption-text\">Siria release from Analog Africa<\/figcaption><\/figure>\n<p>Mestre Cupijo was a trained musician with whom this sound resonated. He and his band Seu Ritmo present their interpretation of this sound in this release.<\/p>\n<p>To grasp the soul of this music, Cupij\u00f3 went to its source and lived with the quilombolas (maroon) community of the Amazon. Upon his return, enriched by this life-changing experience, he founded the band &#8216;Jazz Orquestra os Azes do Ritmo&#8217; with the goal of reinventing Siri\u00e1 and modernising Samba de Cacete, Bangu\u00ea and other folkloric music of the state of Par\u00e1. Airwaves from the Caribbean and Latin America had also brought the cumbia sound of the mighty Colombian orchestras, Merengue from the Dominican republic and Cuban music to the Amazon, all of which had an impact on the music of Northern Brazil, Mambo especially! Mestre Cupij\u00f3 took these influences and mixed them in with the ingredients he had studied in the Quilombos. That fusion &#8211; as we are witnessing on this record &#8211; had explosive effects. (Analog Africa liner notes- Sammy Ben Redjeb)<\/p>\n<figure id=\"attachment_544\" aria-describedby=\"caption-attachment-544\" style=\"width: 300px\" class=\"wp-caption alignnone\"><a href=\"http:\/\/afrobonics.com\/wp-content\/uploads\/2014\/04\/siria-insert.jpg\"><img loading=\"lazy\" decoding=\"async\" class=\"size-medium wp-image-544\" src=\"http:\/\/afrobonics.com\/wp-content\/uploads\/2014\/04\/siria-insert-300x198.jpg\" alt=\"Mestre Cupijo chillin on the docks\" width=\"300\" height=\"198\" srcset=\"http:\/\/afrobonics.com\/wp-content\/uploads\/2014\/04\/siria-insert-300x198.jpg 300w, http:\/\/afrobonics.com\/wp-content\/uploads\/2014\/04\/siria-insert-1024x675.jpg 1024w, http:\/\/afrobonics.com\/wp-content\/uploads\/2014\/04\/siria-insert.jpg 1613w\" sizes=\"auto, (max-width: 300px) 100vw, 300px\" \/><\/a><figcaption id=\"caption-attachment-544\" class=\"wp-caption-text\">Mestre Cupijo chillin on the docks<\/figcaption><\/figure>\n<p><iframe loading=\"lazy\" src=\"https:\/\/w.soundcloud.com\/player\/?url=https%3A\/\/api.soundcloud.com\/tracks\/143092237&amp;auto_play=false&amp;hide_related=false&amp;show_comments=true&amp;show_user=true&amp;show_reposts=false&amp;visual=true\" width=\"100%\" height=\"450\" frameborder=\"no\" scrolling=\"no\"><\/iframe><\/p>\n<p><strong>Tribo Massahi<\/strong><br \/>\nGoma Gringa Discos label<\/p>\n<figure id=\"attachment_517\" aria-describedby=\"caption-attachment-517\" style=\"width: 279px\" class=\"wp-caption alignnone\"><a href=\"http:\/\/afrobonics.com\/wp-content\/uploads\/2014\/04\/20150713_202016-1.jpg\"><img loading=\"lazy\" decoding=\"async\" class=\"size-medium wp-image-517\" src=\"http:\/\/afrobonics.com\/wp-content\/uploads\/2014\/04\/20150713_202016-1-279x300.jpg\" alt=\"Tribo Massahi lead singer Embaixador\" width=\"279\" height=\"300\" srcset=\"http:\/\/afrobonics.com\/wp-content\/uploads\/2014\/04\/20150713_202016-1-279x300.jpg 279w, http:\/\/afrobonics.com\/wp-content\/uploads\/2014\/04\/20150713_202016-1-953x1024.jpg 953w, http:\/\/afrobonics.com\/wp-content\/uploads\/2014\/04\/20150713_202016-1.jpg 1836w\" sizes=\"auto, (max-width: 279px) 100vw, 279px\" \/><\/a><figcaption id=\"caption-attachment-517\" class=\"wp-caption-text\">Tribo Massahi lead, Embaixador<\/figcaption><\/figure>\n<p><em>Tribo Massahi -Estrelando Embaixador, is a record that has become legendary among record collectors and researchers in Brazilian music&#8230;The LP, recorded in 1970, is nowadays very rare and its few existing copies are sold at high prices around the world.<br \/>\nThe records characteristics, both acoustic and asthetic, have helped to consolidate a myth. Tribo Massahi &#8211; Estrelando Embaixador was recorded in two long continuous tracks, side A and side B, about 14 minutes each, where you can hear songs with a pop footprint and strong African influences, &#8220;a crazy and contagious rhythm&#8221; according to the LP&#8217;s liner notes. &#8220;This is a sound made in Brazil. All the members are Brazilians. But the goal is to show the new African music, with all the distinctive features that defines the black continent&#8217;s music.<\/em><\/p>\n<p>(Coma Gringa Discos liner notes &#8211; Itamar Dantas -Sao Pauolo &#8211; February 2015)<\/p>\n<p>This album takes you on a journey to a very specific place that&#8217;s difficult to describe.I will try, Its a jazzy funky tribal swing..with a chorus of voices beckoning you to come join a primal celebration of humanity.<\/p>\n<p>The African influence is clear and present from the onset and so is the psychadelic 60&#8217;s funk blend &#8230;its like looking at a mosaic of go go dancers, afros, sistas with colorful African head wraps undulating while chanting, performing ancient tribal rites and\u00a0in the background you see three dog night handlebar mustache dudes rocking out with an African Shaman.<\/p>\n<p><img loading=\"lazy\" decoding=\"async\" class=\"alignnone size-medium wp-image-518\" src=\"http:\/\/afrobonics.com\/wp-content\/uploads\/2014\/04\/20150713_202224-1-300x136.jpg\" alt=\"20150713_202224-1\" width=\"300\" height=\"136\" srcset=\"http:\/\/afrobonics.com\/wp-content\/uploads\/2014\/04\/20150713_202224-1-300x136.jpg 300w, http:\/\/afrobonics.com\/wp-content\/uploads\/2014\/04\/20150713_202224-1-1024x463.jpg 1024w\" sizes=\"auto, (max-width: 300px) 100vw, 300px\" \/><\/p>\n<p>Quite a place.<\/p>\n<p>Embaixador (Sept. 10 1934 &#8211; December 27, 1996) was the stage name for Sebastiao Rosa De Olivera, a multi talented actor\/musician entrepreneur who never saw the success of this gem that is only achieving notoriety for him posthumously.<\/p>\n<p>After working in bit parts and appearing in at least one major feature film Embaixador created this band and they recorded this album in one marathon session. One of the more remarkable achievements I have come across in the record industry given the incredible quality of this work.<\/p>\n<p>As read in the liner notes, the album plays as a medley so its a continuous movement and very dynamic.<\/p>\n<p>The whole album ..just wow it will move you. Highlights for me include Fareua,<br \/>\nMenina Da Janela and Dandara.<\/p>\n<p>Here is a taste enjoy..and go cop this!<\/p>\n<p><iframe loading=\"lazy\" title=\"GGLP-005 | TRIBO MASSAH\u00cd estrelando EMBAIXADOR | Face B - Lido&#039;s Square by Goma Gringa Discos\" width=\"640\" height=\"400\" scrolling=\"no\" frameborder=\"no\" src=\"https:\/\/w.soundcloud.com\/player\/?visual=true&#038;url=https%3A%2F%2Fapi.soundcloud.com%2Ftracks%2F189685095&#038;show_artwork=true&#038;maxheight=960&#038;maxwidth=640\"><\/iframe><\/p>\n<p><strong>Brand New Wayo<\/strong><\/p>\n<div class=\"jetpack-video-wrapper\"><span class=\"embed-youtube\" style=\"text-align:center; display: block;\"><iframe loading=\"lazy\" class=\"youtube-player\" width=\"640\" height=\"360\" src=\"https:\/\/www.youtube.com\/embed\/_eyIdVpCfes?version=3&#038;rel=1&#038;showsearch=0&#038;showinfo=1&#038;iv_load_policy=1&#038;fs=1&#038;hl=en-US&#038;autohide=2&#038;wmode=transparent\" allowfullscreen=\"true\" style=\"border:0;\" sandbox=\"allow-scripts allow-same-origin allow-popups allow-presentation allow-popups-to-escape-sandbox\"><\/iframe><\/span><\/div>\n<p>The review is simple: &#8220;I love this album&#8221;. 15 high energy dance floor grooves, great to mix with your favorite disco\/ funk jams. The highlights for me on this album: &#8220;Get on up&#8221;, &#8220;Excuse me baby&#8221;, and &#8220;Listen to the Music&#8221;. One or two of these jams almost always find their way into my rotation. Peep:<\/p>\n<p><strong>Surinam: Boogie and Disco Funk from the Surinamese Dance Floors 76&#8242; -83<\/strong><\/p>\n<p>label: Kindred Spirits\u00a0<a href=\"http:\/\/www.kindred-spirits.nl\">www.kindred-spirits.nl<\/a><\/p>\n<p><img loading=\"lazy\" decoding=\"async\" class=\" wp-image-228 alignleft\" src=\"http:\/\/afrobonics.files.wordpress.com\/2013\/01\/2013-01-06-22-11-47.png?w=300\" alt=\"Surinamese Funk\" width=\"600\" height=\"452\" srcset=\"http:\/\/afrobonics.com\/wp-content\/uploads\/2013\/01\/2013-01-06-22-11-47.png 1130w, http:\/\/afrobonics.com\/wp-content\/uploads\/2013\/01\/2013-01-06-22-11-47-300x226.png 300w, http:\/\/afrobonics.com\/wp-content\/uploads\/2013\/01\/2013-01-06-22-11-47-1024x772.png 1024w\" sizes=\"auto, (max-width: 600px) 100vw, 600px\" \/><\/p>\n<p>Our first\u00a0entry is a great one to jump off with for this blog: A Surinamese funk compilation released by\u00a0<a href=\"http:\/\/www.kindred-spirits.nl\">Kindred Spirits<\/a>\u00a0(a label based out of the Netherlands)\u00a0\u00a0highlighting cuts from 1976 through 1983. It is packed with super tight funky jams and breaks that are all dance floor energizers and a lot of fun. I will be real with you, I know next to nothing about Surinam but this compilation definitely made me want to investigate some more for myself.<\/p>\n<p>Some highlights off the record for myself include Erwin Bouterse and the Group Roetoe&#8217;s &#8220;Groovy Weekend&#8221;, Solat&#8217;s &#8220;Try, Try, Try&#8221; and Sumy&#8217;s &#8220;Soul with Milk&#8221;.<\/p>\n<p>This record wins because of the grimy textures of the sounds that pulsate in rhythms that drives on point unfailingly. It also incorporates heavy layer of electro-funk elements into the songs which makes sense given that the music is extracted from 1976-83 and clearly bears some markings of the early eighties synth influences.<\/p>\n<p>Overall, I would give this a very solid 4.5 out of 5 stars. There are virtually no dreaded weak links on this compilation, do not be surprised when you find your head nodding to every cut.<code><\/code><\/p>\n","protected":false},"excerpt":{"rendered":"<p>Welcome to Funk Anthropology: a blog for deejays specializing in rare international\/funky\/soul gems and all&#8230;<\/p>\n","protected":false},"author":1,"featured_media":959,"parent":1140,"menu_order":0,"comment_status":"open","ping_status":"open","template":"","meta":{"jetpack_post_was_ever_published":false,"footnotes":""},"class_list":["post-390","page","type-page","status-publish","has-post-thumbnail","hentry"],"jetpack_sharing_enabled":true,"jetpack_shortlink":"https:\/\/wp.me\/P9ZKMz-6i","_links":{"self":[{"href":"http:\/\/afrobonics.com\/index.php?rest_route=\/wp\/v2\/pages\/390","targetHints":{"allow":["GET"]}}],"collection":[{"href":"http:\/\/afrobonics.com\/index.php?rest_route=\/wp\/v2\/pages"}],"about":[{"href":"http:\/\/afrobonics.com\/index.php?rest_route=\/wp\/v2\/types\/page"}],"author":[{"embeddable":true,"href":"http:\/\/afrobonics.com\/index.php?rest_route=\/wp\/v2\/users\/1"}],"replies":[{"embeddable":true,"href":"http:\/\/afrobonics.com\/index.php?rest_route=%2Fwp%2Fv2%2Fcomments&post=390"}],"version-history":[{"count":18,"href":"http:\/\/afrobonics.com\/index.php?rest_route=\/wp\/v2\/pages\/390\/revisions"}],"predecessor-version":[{"id":1223,"href":"http:\/\/afrobonics.com\/index.php?rest_route=\/wp\/v2\/pages\/390\/revisions\/1223"}],"up":[{"embeddable":true,"href":"http:\/\/afrobonics.com\/index.php?rest_route=\/wp\/v2\/pages\/1140"}],"wp:featuredmedia":[{"embeddable":true,"href":"http:\/\/afrobonics.com\/index.php?rest_route=\/wp\/v2\/media\/959"}],"wp:attachment":[{"href":"http:\/\/afrobonics.com\/index.php?rest_route=%2Fwp%2Fv2%2Fmedia&parent=390"}],"curies":[{"name":"wp","href":"https:\/\/api.w.org\/{rel}","templated":true}]}}